{"id":325,"date":"2020-12-10T09:16:23","date_gmt":"2020-12-10T08:16:23","guid":{"rendered":"http:\/\/wbk-consulting.com\/?page_id=325"},"modified":"2021-01-27T15:26:16","modified_gmt":"2021-01-27T14:26:16","slug":"ma-und-pmi","status":"publish","type":"page","link":"https:\/\/wbk-consulting.com\/en\/ma-und-pmi\/","title":{"rendered":"Mergers &#038; Acquisitions"},"content":{"rendered":"<p>[et_pb_section fb_built=&#8220;1&#8243; _builder_version=&#8220;4.7.5&#8243; _module_preset=&#8220;default&#8220;][et_pb_row _builder_version=&#8220;4.7.5&#8243; _module_preset=&#8220;default&#8220;][et_pb_column type=&#8220;4_4&#8243; _builder_version=&#8220;4.7.5&#8243; _module_preset=&#8220;default&#8220;][et_pb_text _builder_version=&#8220;4.7.6&#8243; text_font=&#8220;||||||||&#8220; header_font=&#8220;||||||||&#8220; header_2_font=&#8220;Playfair Display|700|||||||&#8220; header_2_font_size=&#8220;38px&#8220; header_2_letter_spacing=&#8220;1px&#8220; header_2_line_height=&#8220;1.4em&#8220; header_3_font=&#8220;Poppins|700||on|||||&#8220; header_3_text_color=&#8220;#ffffff&#8220; header_3_font_size=&#8220;14px&#8220; header_3_letter_spacing=&#8220;1px&#8220; header_3_line_height=&#8220;2em&#8220; text_orientation=&#8220;center&#8220; max_width=&#8220;700px&#8220; module_alignment=&#8220;center&#8220;]<\/p>\n<h2>Mergers &amp; Acquisitions<\/h2>\n<p>[\/et_pb_text][et_pb_divider color=&#8220;#ffffff&#8220; divider_weight=&#8220;2px&#8220; _builder_version=&#8220;4.7.4&#8243; max_width=&#8220;60px&#8220; module_alignment=&#8220;center&#8220; height=&#8220;2px&#8220;][\/et_pb_divider][\/et_pb_column][\/et_pb_row][et_pb_row _builder_version=&#8220;4.7.6&#8243; _module_preset=&#8220;default&#8220;][et_pb_column type=&#8220;4_4&#8243; _builder_version=&#8220;4.7.6&#8243; _module_preset=&#8220;default&#8220;][et_pb_image src=&#8220;http:\/\/wbk-consulting.com\/wp-content\/uploads\/2021\/01\/interim_management-scaled.jpeg&#8220; title_text=&#8220;World Business teamwork puzzle pieces&#8220; align=&#8220;center&#8220; _builder_version=&#8220;4.8.0&#8243; _module_preset=&#8220;default&#8220; width=&#8220;44%&#8220; filter_saturate=&#8220;0%&#8220;][\/et_pb_image][\/et_pb_column][\/et_pb_row][et_pb_row column_structure=&#8220;1_2,1_2&#8243; _builder_version=&#8220;4.7.5&#8243; _module_preset=&#8220;default&#8220;][et_pb_column type=&#8220;1_2&#8243; _builder_version=&#8220;4.7.5&#8243; _module_preset=&#8220;default&#8220;][et_pb_blurb title=&#8220;Mergers, Acquisitions, Partnerships&#8220; _builder_version=&#8220;4.8.1&#8243; _module_preset=&#8220;default&#8220; hover_enabled=&#8220;0&#8243; sticky_enabled=&#8220;0&#8243;]WBK Consulting hat auf verschiedenen Ebenen in diesem Bereich viele Erfahrungen gesammelt (vier MBO\u2019s mit Halder, Carlyle, Ardian und Moonlake) und sechs Add On Acquisitions in Europa, Asien und Nord Amerika.<br \/>\nSie erhalten einen unabh\u00e4ngigen Blick auf Ihre Akquisitionsm\u00f6glichkeiten, den dahinter liegenden Business Case  und die aktive Unterst\u00fctzung w\u00e4hrend der Due Diligence Phase vor allem auch bei den Themen die nicht allein durch Zahlen definiert werden (Kultur, Marktumfeld, Service, Innovation und Produkt Portfolio).[\/et_pb_blurb][\/et_pb_column][et_pb_column type=&#8220;1_2&#8243; _builder_version=&#8220;4.7.5&#8243; _module_preset=&#8220;default&#8220;][et_pb_blurb title=&#8220;Post Merger Integration&#8220; _builder_version=&#8220;4.7.6&#8243; _module_preset=&#8220;default&#8220;]Eine Mehrzahl der gekauften Unternehmen funktioniert nicht wie vorher geplant, oft bleiben die Ergebnisse weit hinter den Erwartungen zur\u00fcck. In aller Regel sind die K\u00e4ufer zu tief im Tagesgesch\u00e4ft verfangen und vers\u00e4umen es, die so wertvolle neue Akquisition und Investition richtig zu behandeln und sorgf\u00e4ltig zu integrieren. Von WBK-Consulting k\u00f6nnen Sie einen Plan erwarten, welcher nach dem Kauf eine Integration aller Unternehmensteile erm\u00f6glicht und m\u00f6glichst alle Verantwortlichen und Mitarbeiter mit einbindet. Wir b\u00fcndeln f\u00fcr Sie alle Informationsstr\u00e4nge und Projekte in den Monaten nach der Akquisition und sorgen daf\u00fcr, dass nichts auf der Strecke bleibt.[\/et_pb_blurb][\/et_pb_column][\/et_pb_row][\/et_pb_section]<\/p>","protected":false},"excerpt":{"rendered":"<p>Mergers &amp; AcquisitionsWBK Consulting hat auf verschiedenen Ebenen in diesem Bereich viele Erfahrungen gesammelt (vier MBO\u2019s mit Halder, Carlyle, Ardian und Moonlake) und sechs Add On Acquisitions in Europa, Asien und Nord Amerika. Sie erhalten einen unabh\u00e4ngigen Blick auf Ihre Akquisitionsm\u00f6glichkeiten, den dahinter liegenden Business Case und die aktive Unterst\u00fctzung w\u00e4hrend der Due Diligence Phase [&hellip;]<\/p>","protected":false},"author":1,"featured_media":0,"parent":0,"menu_order":0,"comment_status":"closed","ping_status":"closed","template":"","meta":{"_et_pb_use_builder":"on","_et_pb_old_content":"","_et_gb_content_width":"","footnotes":""},"class_list":["post-325","page","type-page","status-publish","hentry"],"_links":{"self":[{"href":"https:\/\/wbk-consulting.com\/en\/wp-json\/wp\/v2\/pages\/325","targetHints":{"allow":["GET"]}}],"collection":[{"href":"https:\/\/wbk-consulting.com\/en\/wp-json\/wp\/v2\/pages"}],"about":[{"href":"https:\/\/wbk-consulting.com\/en\/wp-json\/wp\/v2\/types\/page"}],"author":[{"embeddable":true,"href":"https:\/\/wbk-consulting.com\/en\/wp-json\/wp\/v2\/users\/1"}],"replies":[{"embeddable":true,"href":"https:\/\/wbk-consulting.com\/en\/wp-json\/wp\/v2\/comments?post=325"}],"version-history":[{"count":13,"href":"https:\/\/wbk-consulting.com\/en\/wp-json\/wp\/v2\/pages\/325\/revisions"}],"predecessor-version":[{"id":774,"href":"https:\/\/wbk-consulting.com\/en\/wp-json\/wp\/v2\/pages\/325\/revisions\/774"}],"wp:attachment":[{"href":"https:\/\/wbk-consulting.com\/en\/wp-json\/wp\/v2\/media?parent=325"}],"curies":[{"name":"wp","href":"https:\/\/api.w.org\/{rel}","templated":true}]}}