{"id":344,"date":"2020-12-10T09:35:42","date_gmt":"2020-12-10T08:35:42","guid":{"rendered":"http:\/\/wbk-consulting.com\/?page_id=344"},"modified":"2021-01-27T15:27:01","modified_gmt":"2021-01-27T14:27:01","slug":"vertrieb-und-marketing","status":"publish","type":"page","link":"https:\/\/wbk-consulting.com\/en\/vertrieb-und-marketing\/","title":{"rendered":"Sales &#038; Marketing"},"content":{"rendered":"<p>[et_pb_section fb_built=&#8220;1&#8243; _builder_version=&#8220;4.7.5&#8243; _module_preset=&#8220;default&#8220;][et_pb_row _builder_version=&#8220;3.25&#8243; animation_style=&#8220;fade&#8220;][et_pb_column type=&#8220;4_4&#8243; _builder_version=&#8220;3.25&#8243; custom_padding=&#8220;|||&#8220; custom_padding__hover=&#8220;|||&#8220;][et_pb_text _builder_version=&#8220;4.7.6&#8243; text_font=&#8220;||||||||&#8220; header_font=&#8220;||||||||&#8220; header_2_font=&#8220;Playfair Display|700|||||||&#8220; header_2_font_size=&#8220;38px&#8220; header_2_letter_spacing=&#8220;1px&#8220; header_2_line_height=&#8220;1.4em&#8220; header_3_font=&#8220;Poppins|700||on|||||&#8220; header_3_text_color=&#8220;#ffffff&#8220; header_3_font_size=&#8220;14px&#8220; header_3_letter_spacing=&#8220;1px&#8220; header_3_line_height=&#8220;2em&#8220; text_orientation=&#8220;center&#8220; max_width=&#8220;700px&#8220; module_alignment=&#8220;center&#8220;]<\/p>\n<h2>Sales &#038; Marketing<\/h2>\n<p>[\/et_pb_text][et_pb_divider color=&#8220;#ffffff&#8220; divider_weight=&#8220;2px&#8220; _builder_version=&#8220;4.7.4&#8243; max_width=&#8220;60px&#8220; module_alignment=&#8220;center&#8220; height=&#8220;2px&#8220;][\/et_pb_divider][\/et_pb_column][\/et_pb_row][et_pb_row column_structure=&#8220;1_2,1_2&#8243; _builder_version=&#8220;4.7.5&#8243; _module_preset=&#8220;default&#8220;][et_pb_column type=&#8220;1_2&#8243; _builder_version=&#8220;4.7.5&#8243; _module_preset=&#8220;default&#8220;][et_pb_image src=&#8220;http:\/\/wbk-consulting.com\/wp-content\/uploads\/2021\/01\/sales_marketing_stock-scaled.jpeg&#8220; title_text=&#8220;Sales &#038; Marketing business signpost&#8220; _builder_version=&#8220;4.8.0&#8243; _module_preset=&#8220;default&#8220; custom_margin=&#8220;32px|||||&#8220; filter_saturate=&#8220;0%&#8220;][\/et_pb_image][\/et_pb_column][et_pb_column type=&#8220;1_2&#8243; _builder_version=&#8220;4.7.5&#8243; _module_preset=&#8220;default&#8220;][et_pb_text _builder_version=&#8220;4.7.6&#8243; _module_preset=&#8220;default&#8220; custom_padding=&#8220;80px|||||&#8220;]In diesen Fragen haben wir vieles gemacht, selbst erlebt und umgesetzt. WBK-Consulting ist in der Lage Ihnen all die Widrigkeiten dieser Entwicklungen und Prozesse zu beschreiben, Ihnen zu helfen die richtigen Schritte zu tun und die Fehler zu vermeiden. Wir machen Ihre Organisation fit f\u00fcr den Wandel und f\u00fcr das Wachstum in neuen M\u00e4rkten.[\/et_pb_text][et_pb_text _builder_version=&#8220;4.7.6&#8243; _module_preset=&#8220;default&#8220;]Vertreiben Sie direkt, indirekt, BtoB, online oder alles zusammen? Sind Sie national oder auch in Europa unterwegs oder sogar global? Haben Sie verschiedene Business Units mit eigenst\u00e4ndigen P&#038;L in den verschiedenen Regionen dieser Welt oder bauen Sie Ihr Gesch\u00e4ft noch auf? Sind Sie gerade dabei Ihr Gesch\u00e4ftsmodell von einem direkten Zugang auf mehr oder gar komplett auf online umzustellen?[\/et_pb_text][\/et_pb_column][\/et_pb_row][\/et_pb_section]<\/p>","protected":false},"excerpt":{"rendered":"<p>Sales &#038; MarketingIn diesen Fragen haben wir vieles gemacht, selbst erlebt und umgesetzt. WBK-Consulting ist in der Lage Ihnen all die Widrigkeiten dieser Entwicklungen und Prozesse zu beschreiben, Ihnen zu helfen die richtigen Schritte zu tun und die Fehler zu vermeiden. Wir machen Ihre Organisation fit f\u00fcr den Wandel und f\u00fcr das Wachstum in neuen [&hellip;]<\/p>","protected":false},"author":1,"featured_media":0,"parent":0,"menu_order":0,"comment_status":"closed","ping_status":"closed","template":"","meta":{"_et_pb_use_builder":"on","_et_pb_old_content":"","_et_gb_content_width":"","footnotes":""},"class_list":["post-344","page","type-page","status-publish","hentry"],"_links":{"self":[{"href":"https:\/\/wbk-consulting.com\/en\/wp-json\/wp\/v2\/pages\/344","targetHints":{"allow":["GET"]}}],"collection":[{"href":"https:\/\/wbk-consulting.com\/en\/wp-json\/wp\/v2\/pages"}],"about":[{"href":"https:\/\/wbk-consulting.com\/en\/wp-json\/wp\/v2\/types\/page"}],"author":[{"embeddable":true,"href":"https:\/\/wbk-consulting.com\/en\/wp-json\/wp\/v2\/users\/1"}],"replies":[{"embeddable":true,"href":"https:\/\/wbk-consulting.com\/en\/wp-json\/wp\/v2\/comments?post=344"}],"version-history":[{"count":14,"href":"https:\/\/wbk-consulting.com\/en\/wp-json\/wp\/v2\/pages\/344\/revisions"}],"predecessor-version":[{"id":775,"href":"https:\/\/wbk-consulting.com\/en\/wp-json\/wp\/v2\/pages\/344\/revisions\/775"}],"wp:attachment":[{"href":"https:\/\/wbk-consulting.com\/en\/wp-json\/wp\/v2\/media?parent=344"}],"curies":[{"name":"wp","href":"https:\/\/api.w.org\/{rel}","templated":true}]}}