{"id":397,"date":"2020-12-10T16:37:57","date_gmt":"2020-12-10T15:37:57","guid":{"rendered":"http:\/\/wbk-consulting.com\/?page_id=397"},"modified":"2021-01-14T10:47:06","modified_gmt":"2021-01-14T09:47:06","slug":"weitere-leistungen","status":"publish","type":"page","link":"https:\/\/wbk-consulting.com\/en\/weitere-leistungen\/","title":{"rendered":"Other Services"},"content":{"rendered":"<p>[et_pb_section fb_built=&#8220;1&#8243; _builder_version=&#8220;4.7.5&#8243; _module_preset=&#8220;default&#8220;][et_pb_row _builder_version=&#8220;3.25&#8243; animation_style=&#8220;fade&#8220;][et_pb_column type=&#8220;4_4&#8243; _builder_version=&#8220;3.25&#8243; custom_padding=&#8220;|||&#8220; custom_padding__hover=&#8220;|||&#8220;][et_pb_text _builder_version=&#8220;4.8.0&#8243; text_font=&#8220;||||||||&#8220; header_font=&#8220;||||||||&#8220; header_2_font=&#8220;Playfair Display|700|||||||&#8220; header_2_font_size=&#8220;38px&#8220; header_2_letter_spacing=&#8220;1px&#8220; header_2_line_height=&#8220;1.4em&#8220; header_3_font=&#8220;Poppins|700||on|||||&#8220; header_3_text_color=&#8220;#ffffff&#8220; header_3_font_size=&#8220;14px&#8220; header_3_letter_spacing=&#8220;1px&#8220; header_3_line_height=&#8220;2em&#8220; text_orientation=&#8220;center&#8220; max_width=&#8220;700px&#8220; module_alignment=&#8220;center&#8220;]<\/p>\n<h2>Other Services<\/h2>\n<p>[\/et_pb_text][et_pb_divider color=&#8220;#ffffff&#8220; divider_weight=&#8220;2px&#8220; _builder_version=&#8220;4.7.4&#8243; max_width=&#8220;60px&#8220; module_alignment=&#8220;center&#8220; height=&#8220;2px&#8220;][\/et_pb_divider][\/et_pb_column][\/et_pb_row][et_pb_row _builder_version=&#8220;4.7.6&#8243; _module_preset=&#8220;default&#8220;][et_pb_column type=&#8220;4_4&#8243; _builder_version=&#8220;4.7.6&#8243; _module_preset=&#8220;default&#8220;][et_pb_image src=&#8220;http:\/\/wbk-consulting.com\/wp-content\/uploads\/2021\/01\/other_srv.png&#8220; title_text=&#8220;other_srv&#8220; align=&#8220;center&#8220; _builder_version=&#8220;4.7.6&#8243; _module_preset=&#8220;default&#8220;][\/et_pb_image][\/et_pb_column][\/et_pb_row][et_pb_row column_structure=&#8220;1_2,1_2&#8243; _builder_version=&#8220;4.7.4&#8243; _module_preset=&#8220;default&#8220;][et_pb_column type=&#8220;1_2&#8243; _builder_version=&#8220;4.7.4&#8243; _module_preset=&#8220;default&#8220;][et_pb_blurb title=&#8220;Weitere Services und Dienstleistungen&#8220; _builder_version=&#8220;4.7.4&#8243; _module_preset=&#8220;default&#8220;]<\/p>\n<ul>\n<li>External &amp; unbiased evaluation of your business<\/li>\n<li>Impulse and ideas<\/li>\n<li>Sparring partner<\/li>\n<li><span style=\"font-size: 16px;\">Innovation management<\/span><\/li>\n<li>Optimization of business model<\/li>\n<li>Arranging suitable investment partners<\/li>\n<\/ul>\n<p>[\/et_pb_blurb][\/et_pb_column][et_pb_column type=&#8220;1_2&#8243; _builder_version=&#8220;4.7.4&#8243; _module_preset=&#8220;default&#8220;][et_pb_blurb title=&#8220;Managementthemen und Pain Point Behandlung&#8220; _builder_version=&#8220;4.7.4&#8243; _module_preset=&#8220;default&#8220;]<\/p>\n<ul>\n<li>Strategy development (vision and mission)<\/li>\n<li>Team building<\/li>\n<li>Leadership and leadership development<\/li>\n<li>Sales management<\/li>\n<li><span style=\"font-size: 16px;\">Efficient reporting with benchmarks<\/span><\/li>\n<\/ul>\n<p>[\/et_pb_blurb][\/et_pb_column][\/et_pb_row][\/et_pb_section]<\/p>","protected":false},"excerpt":{"rendered":"<p>Other Services Au\u00dfenansicht auf Ihr Unternehmen Impulse und Ideen Sparringspartner Innovationsmanagement Optimierung von Gesch\u00e4ftsmodellen Vermittlung von geeigneten Investment Partnern Strategieentwicklung (Vision und Mission) Teambuilding F\u00fchrung und F\u00fchrungsentwicklung Sales Management Effizientes Reporting mit Benchmarks<\/p>","protected":false},"author":1,"featured_media":0,"parent":0,"menu_order":0,"comment_status":"closed","ping_status":"closed","template":"","meta":{"_et_pb_use_builder":"on","_et_pb_old_content":"","_et_gb_content_width":"","footnotes":""},"class_list":["post-397","page","type-page","status-publish","hentry"],"_links":{"self":[{"href":"https:\/\/wbk-consulting.com\/en\/wp-json\/wp\/v2\/pages\/397","targetHints":{"allow":["GET"]}}],"collection":[{"href":"https:\/\/wbk-consulting.com\/en\/wp-json\/wp\/v2\/pages"}],"about":[{"href":"https:\/\/wbk-consulting.com\/en\/wp-json\/wp\/v2\/types\/page"}],"author":[{"embeddable":true,"href":"https:\/\/wbk-consulting.com\/en\/wp-json\/wp\/v2\/users\/1"}],"replies":[{"embeddable":true,"href":"https:\/\/wbk-consulting.com\/en\/wp-json\/wp\/v2\/comments?post=397"}],"version-history":[{"count":9,"href":"https:\/\/wbk-consulting.com\/en\/wp-json\/wp\/v2\/pages\/397\/revisions"}],"predecessor-version":[{"id":539,"href":"https:\/\/wbk-consulting.com\/en\/wp-json\/wp\/v2\/pages\/397\/revisions\/539"}],"wp:attachment":[{"href":"https:\/\/wbk-consulting.com\/en\/wp-json\/wp\/v2\/media?parent=397"}],"curies":[{"name":"wp","href":"https:\/\/api.w.org\/{rel}","templated":true}]}}