{"id":422,"date":"2020-12-16T14:30:37","date_gmt":"2020-12-16T13:30:37","guid":{"rendered":"http:\/\/wbk-consulting.com\/?page_id=422"},"modified":"2021-01-27T15:28:43","modified_gmt":"2021-01-27T14:28:43","slug":"restrukturierung-und-neuausrichtung","status":"publish","type":"page","link":"https:\/\/wbk-consulting.com\/en\/restrukturierung-und-neuausrichtung\/","title":{"rendered":"Restructuring"},"content":{"rendered":"<p>[et_pb_section fb_built=&#8220;1&#8243; _builder_version=&#8220;4.7.6&#8243; _module_preset=&#8220;default&#8220;][et_pb_row _builder_version=&#8220;4.7.6&#8243; _module_preset=&#8220;default&#8220;][et_pb_column type=&#8220;4_4&#8243; _builder_version=&#8220;4.7.6&#8243; _module_preset=&#8220;default&#8220;][et_pb_text _builder_version=&#8220;4.7.6&#8243; _module_preset=&#8220;default&#8220; header_font=&#8220;Playfair Display|700|||||||&#8220; header_font_size=&#8220;38px&#8220;]<\/p>\n<h1 style=\"text-align: center;\">Restructuring<\/h1>\n<p>[\/et_pb_text][et_pb_divider color=&#8220;#ffffff&#8220; divider_weight=&#8220;2px&#8220; _builder_version=&#8220;4.7.4&#8243; max_width=&#8220;60px&#8220; module_alignment=&#8220;center&#8220; height=&#8220;2px&#8220;][\/et_pb_divider][\/et_pb_column][\/et_pb_row][et_pb_row column_structure=&#8220;1_2,1_2&#8243; _builder_version=&#8220;4.7.6&#8243; _module_preset=&#8220;default&#8220;][et_pb_column type=&#8220;1_2&#8243; _builder_version=&#8220;4.7.6&#8243; _module_preset=&#8220;default&#8220;][et_pb_image src=&#8220;http:\/\/wbk-consulting.com\/wp-content\/uploads\/2021\/01\/AdobeStock_143820065-scaled.jpeg&#8220; title_text=&#8220;Value chain Business Concept. The meeting at the white office table.&#8220; align=&#8220;center&#8220; _builder_version=&#8220;4.8.0&#8243; _module_preset=&#8220;default&#8220; filter_saturate=&#8220;0%&#8220;][\/et_pb_image][\/et_pb_column][et_pb_column type=&#8220;1_2&#8243; _builder_version=&#8220;4.7.6&#8243; _module_preset=&#8220;default&#8220;][et_pb_blurb _builder_version=&#8220;4.8.1&#8243; _module_preset=&#8220;default&#8220; custom_margin=&#8220;128px|||||&#8220; hover_enabled=&#8220;0&#8243; sticky_enabled=&#8220;0&#8243;]Alte Strukturen durch neue zu ersetzen ist einfach gesagt. Die optimale Umsetzung der beabsichtigten Restrukturierung erfordert eine Verbindung aller Beteiligten in der Wertsch\u00f6pfungskette. Dabei erm\u00f6glicht die operative Exzellenz erst gr\u00f6\u00dftm\u00f6gliches Wachstum und die damit einhergehende notwendige Digitalisierung ist der Schl\u00fcssel f\u00fcr den erfolgreichen Online Verkauf.[\/et_pb_blurb][\/et_pb_column][\/et_pb_row][\/et_pb_section]<\/p>","protected":false},"excerpt":{"rendered":"<p>RestructuringAlte Strukturen durch neue zu ersetzen ist einfach gesagt. Die optimale Umsetzung der beabsichtigten Restrukturierung erfordert eine Verbindung aller Beteiligten in der Wertsch\u00f6pfungskette. Dabei erm\u00f6glicht die operative Exzellenz erst gr\u00f6\u00dftm\u00f6gliches Wachstum und die damit einhergehende notwendige Digitalisierung ist der Schl\u00fcssel f\u00fcr den erfolgreichen Online Verkauf.<\/p>","protected":false},"author":1,"featured_media":0,"parent":0,"menu_order":0,"comment_status":"closed","ping_status":"closed","template":"","meta":{"_et_pb_use_builder":"on","_et_pb_old_content":"","_et_gb_content_width":"","footnotes":""},"class_list":["post-422","page","type-page","status-publish","hentry"],"_links":{"self":[{"href":"https:\/\/wbk-consulting.com\/en\/wp-json\/wp\/v2\/pages\/422","targetHints":{"allow":["GET"]}}],"collection":[{"href":"https:\/\/wbk-consulting.com\/en\/wp-json\/wp\/v2\/pages"}],"about":[{"href":"https:\/\/wbk-consulting.com\/en\/wp-json\/wp\/v2\/types\/page"}],"author":[{"embeddable":true,"href":"https:\/\/wbk-consulting.com\/en\/wp-json\/wp\/v2\/users\/1"}],"replies":[{"embeddable":true,"href":"https:\/\/wbk-consulting.com\/en\/wp-json\/wp\/v2\/comments?post=422"}],"version-history":[{"count":18,"href":"https:\/\/wbk-consulting.com\/en\/wp-json\/wp\/v2\/pages\/422\/revisions"}],"predecessor-version":[{"id":779,"href":"https:\/\/wbk-consulting.com\/en\/wp-json\/wp\/v2\/pages\/422\/revisions\/779"}],"wp:attachment":[{"href":"https:\/\/wbk-consulting.com\/en\/wp-json\/wp\/v2\/media?parent=422"}],"curies":[{"name":"wp","href":"https:\/\/api.w.org\/{rel}","templated":true}]}}